{"id":904,"date":"2025-05-20T09:49:17","date_gmt":"2025-05-20T07:49:17","guid":{"rendered":"https:\/\/staging.koderman.eu\/?page_id=904"},"modified":"2025-05-20T10:42:17","modified_gmt":"2025-05-20T08:42:17","slug":"politika-piskotkov","status":"publish","type":"page","link":"https:\/\/koderman.eu\/de\/politika-piskotkov\/","title":{"rendered":"Cookie-Richtlinie"},"content":{"rendered":"<div data-elementor-type=\"wp-page\" data-elementor-id=\"904\" class=\"elementor elementor-904\" data-elementor-post-type=\"page\">\n\t\t\t\t<div class=\"elementor-element elementor-element-b34d713 e-flex e-con-boxed e-con e-parent\" data-id=\"b34d713\" data-element_type=\"container\">\n\t\t\t\t\t<div class=\"e-con-inner\">\n\t\t\t\t<div class=\"elementor-element elementor-element-70919cd elementor-widget elementor-widget-heading\" data-id=\"70919cd\" data-element_type=\"widget\" data-widget_type=\"heading.default\">\n\t\t\t\t<div class=\"elementor-widget-container\">\n\t\t\t\t\t<h1 class=\"elementor-heading-title elementor-size-default\">Cookie-Richtlinie<\/h1>\t\t\t\t<\/div>\n\t\t\t\t<\/div>\n\t\t\t\t<div class=\"elementor-element elementor-element-16865fc elementor-widget__width-initial elementor-widget-tablet__width-inherit elementor-widget elementor-widget-n-accordion\" data-id=\"16865fc\" data-element_type=\"widget\" data-settings=\"{&quot;default_state&quot;:&quot;expanded&quot;,&quot;max_items_expended&quot;:&quot;one&quot;,&quot;n_accordion_animation_duration&quot;:{&quot;unit&quot;:&quot;ms&quot;,&quot;size&quot;:400,&quot;sizes&quot;:[]}}\" data-widget_type=\"nested-accordion.default\">\n\t\t\t\t<div class=\"elementor-widget-container\">\n\t\t\t\t\t\t\t<div class=\"e-n-accordion\" aria-label=\"Accordion. Open links with Enter or Space, close with Escape, and navigate with Arrow Keys\">\n\t\t\t\t\t\t<details id=\"e-n-accordion-item-2360\" class=\"e-n-accordion-item\" open>\n\t\t\t\t<summary class=\"e-n-accordion-item-title\" data-accordion-index=\"1\" tabindex=\"0\" aria-expanded=\"true\" aria-controls=\"e-n-accordion-item-2360\" >\n\t\t\t\t\t<span class='e-n-accordion-item-title-header'><h3 class=\"e-n-accordion-item-title-text\"> Upravljanje zasebnosti <\/h3><\/span>\n\t\t\t\t\t\t\t<span class='e-n-accordion-item-title-icon'>\n\t\t\t<span class='e-opened' ><svg aria-hidden=\"true\" class=\"e-font-icon-svg e-fas-minus\" viewbox=\"0 0 448 512\" xmlns=\"http:\/\/www.w3.org\/2000\/svg\"><path d=\"M416 208H32c-17.67 0-32 14.33-32 32v32c0 17.67 14.33 32 32 32h384c17.67 0 32-14.33 32-32v-32c0-17.67-14.33-32-32-32z\"><\/path><\/svg><\/span>\n\t\t\t<span class='e-closed'><svg aria-hidden=\"true\" class=\"e-font-icon-svg e-fas-plus\" viewbox=\"0 0 448 512\" xmlns=\"http:\/\/www.w3.org\/2000\/svg\"><path d=\"M416 208H272V64c0-17.67-14.33-32-32-32h-32c-17.67 0-32 14.33-32 32v144H32c-17.67 0-32 14.33-32 32v32c0 17.67 14.33 32 32 32h144v144c0 17.67 14.33 32 32 32h32c17.67 0 32-14.33 32-32V304h144c17.67 0 32-14.33 32-32v-32c0-17.67-14.33-32-32-32z\"><\/path><\/svg><\/span>\n\t\t<\/span>\n\n\t\t\t\t\t\t<\/summary>\n\t\t\t\t<div role=\"region\" aria-labelledby=\"e-n-accordion-item-2360\" class=\"elementor-element elementor-element-22af4f9 e-con-full e-flex e-con e-child\" data-id=\"22af4f9\" data-element_type=\"container\">\n\t\t\t\t<div class=\"elementor-element elementor-element-3555d2c elementor-widget elementor-widget-text-editor\" data-id=\"3555d2c\" data-element_type=\"widget\" data-widget_type=\"text-editor.default\">\n\t\t\t\t<div class=\"elementor-widget-container\">\n\t\t\t\t\t\t\t\t\t<p>Na tej spletni strani uporabljamo pi\u0161kotke. Osnovni pi\u0161kotki so nujni za delovanje te spletne strani. Za bolj\u0161o uporabni\u0161ko izku\u0161njo pa lahko privolite tudi v pi\u0161kotke analitike in tr\u017eenja, kar storite s klikom na \u00bbStrinjam se\u00ab.\u00a0<\/p>\t\t\t\t\t\t\t\t<\/div>\n\t\t\t\t<\/div>\n\t\t\t\t<\/div>\n\t\t\t\t\t<\/details>\n\t\t\t\t\t\t<details id=\"e-n-accordion-item-2361\" class=\"e-n-accordion-item\" >\n\t\t\t\t<summary class=\"e-n-accordion-item-title\" data-accordion-index=\"2\" tabindex=\"-1\" aria-expanded=\"false\" aria-controls=\"e-n-accordion-item-2361\" >\n\t\t\t\t\t<span class='e-n-accordion-item-title-header'><h3 class=\"e-n-accordion-item-title-text\"> Pi\u0161kotki <\/h3><\/span>\n\t\t\t\t\t\t\t<span class='e-n-accordion-item-title-icon'>\n\t\t\t<span class='e-opened' ><svg aria-hidden=\"true\" class=\"e-font-icon-svg e-fas-minus\" viewbox=\"0 0 448 512\" xmlns=\"http:\/\/www.w3.org\/2000\/svg\"><path d=\"M416 208H32c-17.67 0-32 14.33-32 32v32c0 17.67 14.33 32 32 32h384c17.67 0 32-14.33 32-32v-32c0-17.67-14.33-32-32-32z\"><\/path><\/svg><\/span>\n\t\t\t<span class='e-closed'><svg aria-hidden=\"true\" class=\"e-font-icon-svg e-fas-plus\" viewbox=\"0 0 448 512\" xmlns=\"http:\/\/www.w3.org\/2000\/svg\"><path d=\"M416 208H272V64c0-17.67-14.33-32-32-32h-32c-17.67 0-32 14.33-32 32v144H32c-17.67 0-32 14.33-32 32v32c0 17.67 14.33 32 32 32h144v144c0 17.67 14.33 32 32 32h32c17.67 0 32-14.33 32-32V304h144c17.67 0 32-14.33 32-32v-32c0-17.67-14.33-32-32-32z\"><\/path><\/svg><\/span>\n\t\t<\/span>\n\n\t\t\t\t\t\t<\/summary>\n\t\t\t\t<div role=\"region\" aria-labelledby=\"e-n-accordion-item-2361\" class=\"elementor-element elementor-element-b130b10 e-con-full e-flex e-con e-child\" data-id=\"b130b10\" data-element_type=\"container\">\n\t\t\t\t<div class=\"elementor-element elementor-element-e30935b elementor-widget elementor-widget-text-editor\" data-id=\"e30935b\" data-element_type=\"widget\" data-widget_type=\"text-editor.default\">\n\t\t\t\t<div class=\"elementor-widget-container\">\n\t\t\t\t\t\t\t\t\t<p>Pi\u0161kotki so majhne tekstovne datoteke, ki se ob obisku spletne strani prenesejo na va\u0161 ra\u010dunalnik ali na drugo elektronsko napravo. Dolo\u010deni pi\u0161kotki so nujni za delovanje spletne strani, drugi pa se uporabljajo za zagotavljanje bolj\u0161e uporabni\u0161ke izku\u0161nje in spremljanje statistike obiska. Pi\u0161kotki so informacije o uporabniku, ki se shranijo v spletni brskalnik, ki dostopa do spletnega mesta.<\/p><p>Vsi razen nujnih pi\u0161kotkov se nalo\u017eijo v va\u0161 spletni brskalnik le na podlagi va\u0161e izrecne privolitve.<\/p><p>Na na\u0161em spletnem mestu uporabljamo naslednje vrste pi\u0161kotkov in za namene ter za \u010das, kot predstavljeno v nadaljevanju.<\/p><p><strong>a) Obvezni pi\u0161kotki<\/strong><\/p><p>Obvezni oz. nujni pi\u0161kotki so nujno potrebni za delovanje spletne strani in ne zahtevajo va\u0161ega soglasja. Pomembni so za to, da se lahko premikate po spletnem mestu in uporabljate njegove funkcije. Brez teh pi\u0161kotkov dolo\u010dene storitve (nor. nastavitev zasebnosti, oddaja povpra\u0161evanja oz. rezervacija in obrazec za oddajo vpra\u0161anj) ne bodo delovale.<\/p>\t\t\t\t\t\t\t\t<\/div>\n\t\t\t\t<\/div>\n\t\t\t\t<\/div>\n\t\t\t\t\t<\/details>\n\t\t\t\t\t\t<details id=\"e-n-accordion-item-2362\" class=\"e-n-accordion-item\" >\n\t\t\t\t<summary class=\"e-n-accordion-item-title\" data-accordion-index=\"3\" tabindex=\"-1\" aria-expanded=\"false\" aria-controls=\"e-n-accordion-item-2362\" >\n\t\t\t\t\t<span class='e-n-accordion-item-title-header'><h3 class=\"e-n-accordion-item-title-text\"> Onemogo\u010danje pi\u0161kotkov <\/h3><\/span>\n\t\t\t\t\t\t\t<span class='e-n-accordion-item-title-icon'>\n\t\t\t<span class='e-opened' ><svg aria-hidden=\"true\" class=\"e-font-icon-svg e-fas-minus\" viewbox=\"0 0 448 512\" xmlns=\"http:\/\/www.w3.org\/2000\/svg\"><path d=\"M416 208H32c-17.67 0-32 14.33-32 32v32c0 17.67 14.33 32 32 32h384c17.67 0 32-14.33 32-32v-32c0-17.67-14.33-32-32-32z\"><\/path><\/svg><\/span>\n\t\t\t<span class='e-closed'><svg aria-hidden=\"true\" class=\"e-font-icon-svg e-fas-plus\" viewbox=\"0 0 448 512\" xmlns=\"http:\/\/www.w3.org\/2000\/svg\"><path d=\"M416 208H272V64c0-17.67-14.33-32-32-32h-32c-17.67 0-32 14.33-32 32v144H32c-17.67 0-32 14.33-32 32v32c0 17.67 14.33 32 32 32h144v144c0 17.67 14.33 32 32 32h32c17.67 0 32-14.33 32-32V304h144c17.67 0 32-14.33 32-32v-32c0-17.67-14.33-32-32-32z\"><\/path><\/svg><\/span>\n\t\t<\/span>\n\n\t\t\t\t\t\t<\/summary>\n\t\t\t\t<div role=\"region\" aria-labelledby=\"e-n-accordion-item-2362\" class=\"elementor-element elementor-element-2b40157 e-con-full e-flex e-con e-child\" data-id=\"2b40157\" data-element_type=\"container\">\n\t\t\t\t<div class=\"elementor-element elementor-element-72e312c elementor-widget elementor-widget-text-editor\" data-id=\"72e312c\" data-element_type=\"widget\" data-widget_type=\"text-editor.default\">\n\t\t\t\t<div class=\"elementor-widget-container\">\n\t\t\t\t\t\t\t\t\t<p>Uporaba pi\u0161kotkov je va\u0161a odlo\u010ditev. Pi\u0161kotke lahko izbri\u0161ete ali onemogo\u010dite z nastavitvami v va\u0161em brskalniku. \u010ce boste onemogo\u010dili pi\u0161kotke, vam nekatere funkcije na na\u0161i strani morda ne bodo delovale pravilno.<\/p><p>Informacije o nastavitvah pi\u0161kotkov glede na spletni brskalnik, ki ga uporabljate, se nahajajo na spodnjih povezavah:<\/p><p><a href=\"https:\/\/support.apple.com\/sl-si\/guide\/safari\/manage-cookies-and-website-data-sfri11471\/mac\" target=\"_blank\" rel=\"noopener\">Safari<\/a><br \/><a href=\"https:\/\/support.google.com\/chrome\/answer\/95647?hl=sl-sl&amp;p=cpn_cookies%22%20%5Ct%20%22_blank\" target=\"_blank\" rel=\"noopener\">Chrome<\/a><br \/><a href=\"https:\/\/support.mozilla.org\/sl\/kb\/kako-omogocite-onemogocite-piskote-v-katerih-splet?redirectlocale=sl&amp;redirectslug=Kako+aktivirate+in+deaktivirate+pi%C3%85%C2%A1kote%22%20%5Ct%20%22_blank\" target=\"_blank\" rel=\"noopener\">Firefox<\/a><br \/><a href=\"http:\/\/windows.microsoft.com\/sl-si\/windows-vista\/block-or-allow-cookies%22%20%5Ct%20%22_blank\">Internet Explorer<\/a><br \/><a href=\"http:\/\/www.opera.com\/help\/tutorials\/security\/cookies\/\" target=\"_blank\" rel=\"noopener\">Opera<\/a><\/p>\t\t\t\t\t\t\t\t<\/div>\n\t\t\t\t<\/div>\n\t\t\t\t<\/div>\n\t\t\t\t\t<\/details>\n\t\t\t\t\t<\/div>\n\t\t\t\t\t\t<\/div>\n\t\t\t\t<\/div>\n\t\t\t\t\t<\/div>\n\t\t\t\t<\/div>\n\t\t\t\t<\/div>","protected":false},"excerpt":{"rendered":"<p>Upravljanje zasebnosti Na tej spletni strani uporabljamo pi\u0161kotke. Osnovni pi\u0161kotki so nujni za delovanje te spletne strani. Za bolj\u0161o uporabni\u0161ko izku\u0161njo pa lahko privolite tudi v pi\u0161kotke analitike in tr\u017eenja, kar storite s klikom na \u00bbStrinjam se\u00ab.\u00a0 Pi\u0161kotki Pi\u0161kotki so majhne tekstovne datoteke, ki se ob obisku spletne strani prenesejo na va\u0161 ra\u010dunalnik ali na [&hellip;]<\/p>","protected":false},"author":1,"featured_media":0,"parent":0,"menu_order":0,"comment_status":"closed","ping_status":"closed","template":"","meta":{"_acf_changed":false,"footnotes":""},"class_list":["post-904","page","type-page","status-publish","hentry"],"acf":[],"yoast_head":"<!-- This site is optimized with the Yoast SEO plugin v27.4 - https:\/\/yoast.com\/product\/yoast-seo-wordpress\/ -->\n<title>Politika pi\u0161kotkov - Koderman<\/title>\n<meta name=\"robots\" content=\"index, follow, max-snippet:-1, max-image-preview:large, max-video-preview:-1\" \/>\n<link rel=\"canonical\" href=\"https:\/\/koderman.eu\/de\/politika-piskotkov\/\" \/>\n<meta property=\"og:locale\" content=\"de_DE\" \/>\n<meta property=\"og:type\" content=\"article\" \/>\n<meta property=\"og:title\" content=\"Politika pi\u0161kotkov - Koderman\" \/>\n<meta property=\"og:description\" content=\"Upravljanje zasebnosti Na tej spletni strani uporabljamo pi\u0161kotke. Osnovni pi\u0161kotki so nujni za delovanje te spletne strani. Za bolj\u0161o uporabni\u0161ko izku\u0161njo pa lahko privolite tudi v pi\u0161kotke analitike in tr\u017eenja, kar storite s klikom na \u00bbStrinjam se\u00ab.\u00a0 Pi\u0161kotki Pi\u0161kotki so majhne tekstovne datoteke, ki se ob obisku spletne strani prenesejo na va\u0161 ra\u010dunalnik ali na [&hellip;]\" \/>\n<meta property=\"og:url\" content=\"https:\/\/koderman.eu\/de\/politika-piskotkov\/\" \/>\n<meta property=\"og:site_name\" content=\"Koderman\" \/>\n<meta property=\"article:modified_time\" content=\"2025-05-20T08:42:17+00:00\" \/>\n<meta name=\"twitter:card\" content=\"summary_large_image\" \/>\n<meta name=\"twitter:label1\" content=\"Gesch\u00e4tzte Lesezeit\" \/>\n\t<meta name=\"twitter:data1\" content=\"3 Minuten\" \/>\n<script type=\"application\/ld+json\" class=\"yoast-schema-graph\">{\"@context\":\"https:\\\/\\\/schema.org\",\"@graph\":[{\"@type\":\"WebPage\",\"@id\":\"https:\\\/\\\/koderman.eu\\\/politika-piskotkov\\\/\",\"url\":\"https:\\\/\\\/koderman.eu\\\/politika-piskotkov\\\/\",\"name\":\"Politika pi\u0161kotkov - Koderman\",\"isPartOf\":{\"@id\":\"https:\\\/\\\/koderman.eu\\\/#website\"},\"datePublished\":\"2025-05-20T07:49:17+00:00\",\"dateModified\":\"2025-05-20T08:42:17+00:00\",\"breadcrumb\":{\"@id\":\"https:\\\/\\\/koderman.eu\\\/politika-piskotkov\\\/#breadcrumb\"},\"inLanguage\":\"de-AT\",\"potentialAction\":[{\"@type\":\"ReadAction\",\"target\":[\"https:\\\/\\\/koderman.eu\\\/politika-piskotkov\\\/\"]}]},{\"@type\":\"BreadcrumbList\",\"@id\":\"https:\\\/\\\/koderman.eu\\\/politika-piskotkov\\\/#breadcrumb\",\"itemListElement\":[{\"@type\":\"ListItem\",\"position\":1,\"name\":\"Domov\",\"item\":\"https:\\\/\\\/koderman.eu\\\/\"},{\"@type\":\"ListItem\",\"position\":2,\"name\":\"Politika pi\u0161kotkov\"}]},{\"@type\":\"WebSite\",\"@id\":\"https:\\\/\\\/koderman.eu\\\/#website\",\"url\":\"https:\\\/\\\/koderman.eu\\\/\",\"name\":\"Koderman\",\"description\":\"Zobozdravstveni implantolo\u0161ki center\",\"publisher\":{\"@id\":\"https:\\\/\\\/koderman.eu\\\/#organization\"},\"potentialAction\":[{\"@type\":\"SearchAction\",\"target\":{\"@type\":\"EntryPoint\",\"urlTemplate\":\"https:\\\/\\\/koderman.eu\\\/?s={search_term_string}\"},\"query-input\":{\"@type\":\"PropertyValueSpecification\",\"valueRequired\":true,\"valueName\":\"search_term_string\"}}],\"inLanguage\":\"de-AT\"},{\"@type\":\"Organization\",\"@id\":\"https:\\\/\\\/koderman.eu\\\/#organization\",\"name\":\"Koderman\",\"url\":\"https:\\\/\\\/koderman.eu\\\/\",\"logo\":{\"@type\":\"ImageObject\",\"inLanguage\":\"de-AT\",\"@id\":\"https:\\\/\\\/koderman.eu\\\/#\\\/schema\\\/logo\\\/image\\\/\",\"url\":\"https:\\\/\\\/koderman.eu\\\/wp-content\\\/uploads\\\/2025\\\/02\\\/Koderman_logotip_barvni.svg\",\"contentUrl\":\"https:\\\/\\\/koderman.eu\\\/wp-content\\\/uploads\\\/2025\\\/02\\\/Koderman_logotip_barvni.svg\",\"width\":528,\"height\":96,\"caption\":\"Koderman\"},\"image\":{\"@id\":\"https:\\\/\\\/koderman.eu\\\/#\\\/schema\\\/logo\\\/image\\\/\"}}]}<\/script>\n<!-- \/ Yoast SEO plugin. -->","yoast_head_json":{"title":"Politika pi\u0161kotkov - Koderman","robots":{"index":"index","follow":"follow","max-snippet":"max-snippet:-1","max-image-preview":"max-image-preview:large","max-video-preview":"max-video-preview:-1"},"canonical":"https:\/\/koderman.eu\/de\/politika-piskotkov\/","og_locale":"de_DE","og_type":"article","og_title":"Politika pi\u0161kotkov - Koderman","og_description":"Upravljanje zasebnosti Na tej spletni strani uporabljamo pi\u0161kotke. Osnovni pi\u0161kotki so nujni za delovanje te spletne strani. Za bolj\u0161o uporabni\u0161ko izku\u0161njo pa lahko privolite tudi v pi\u0161kotke analitike in tr\u017eenja, kar storite s klikom na \u00bbStrinjam se\u00ab.\u00a0 Pi\u0161kotki Pi\u0161kotki so majhne tekstovne datoteke, ki se ob obisku spletne strani prenesejo na va\u0161 ra\u010dunalnik ali na [&hellip;]","og_url":"https:\/\/koderman.eu\/de\/politika-piskotkov\/","og_site_name":"Koderman","article_modified_time":"2025-05-20T08:42:17+00:00","twitter_card":"summary_large_image","twitter_misc":{"Gesch\u00e4tzte Lesezeit":"3 Minuten"},"schema":{"@context":"https:\/\/schema.org","@graph":[{"@type":"WebPage","@id":"https:\/\/koderman.eu\/politika-piskotkov\/","url":"https:\/\/koderman.eu\/politika-piskotkov\/","name":"Politika pi\u0161kotkov - Koderman","isPartOf":{"@id":"https:\/\/koderman.eu\/#website"},"datePublished":"2025-05-20T07:49:17+00:00","dateModified":"2025-05-20T08:42:17+00:00","breadcrumb":{"@id":"https:\/\/koderman.eu\/politika-piskotkov\/#breadcrumb"},"inLanguage":"de-AT","potentialAction":[{"@type":"ReadAction","target":["https:\/\/koderman.eu\/politika-piskotkov\/"]}]},{"@type":"BreadcrumbList","@id":"https:\/\/koderman.eu\/politika-piskotkov\/#breadcrumb","itemListElement":[{"@type":"ListItem","position":1,"name":"Domov","item":"https:\/\/koderman.eu\/"},{"@type":"ListItem","position":2,"name":"Politika pi\u0161kotkov"}]},{"@type":"WebSite","@id":"https:\/\/koderman.eu\/#website","url":"https:\/\/koderman.eu\/","name":"Koderman","description":"Zobozdravstveni implantolo\u0161ki center","publisher":{"@id":"https:\/\/koderman.eu\/#organization"},"potentialAction":[{"@type":"SearchAction","target":{"@type":"EntryPoint","urlTemplate":"https:\/\/koderman.eu\/?s={search_term_string}"},"query-input":{"@type":"PropertyValueSpecification","valueRequired":true,"valueName":"search_term_string"}}],"inLanguage":"de-AT"},{"@type":"Organization","@id":"https:\/\/koderman.eu\/#organization","name":"Koderman","url":"https:\/\/koderman.eu\/","logo":{"@type":"ImageObject","inLanguage":"de-AT","@id":"https:\/\/koderman.eu\/#\/schema\/logo\/image\/","url":"https:\/\/koderman.eu\/wp-content\/uploads\/2025\/02\/Koderman_logotip_barvni.svg","contentUrl":"https:\/\/koderman.eu\/wp-content\/uploads\/2025\/02\/Koderman_logotip_barvni.svg","width":528,"height":96,"caption":"Koderman"},"image":{"@id":"https:\/\/koderman.eu\/#\/schema\/logo\/image\/"}}]}},"_links":{"self":[{"href":"https:\/\/koderman.eu\/de\/wp-json\/wp\/v2\/pages\/904","targetHints":{"allow":["GET"]}}],"collection":[{"href":"https:\/\/koderman.eu\/de\/wp-json\/wp\/v2\/pages"}],"about":[{"href":"https:\/\/koderman.eu\/de\/wp-json\/wp\/v2\/types\/page"}],"author":[{"embeddable":true,"href":"https:\/\/koderman.eu\/de\/wp-json\/wp\/v2\/users\/1"}],"replies":[{"embeddable":true,"href":"https:\/\/koderman.eu\/de\/wp-json\/wp\/v2\/comments?post=904"}],"version-history":[{"count":10,"href":"https:\/\/koderman.eu\/de\/wp-json\/wp\/v2\/pages\/904\/revisions"}],"predecessor-version":[{"id":967,"href":"https:\/\/koderman.eu\/de\/wp-json\/wp\/v2\/pages\/904\/revisions\/967"}],"wp:attachment":[{"href":"https:\/\/koderman.eu\/de\/wp-json\/wp\/v2\/media?parent=904"}],"curies":[{"name":"wp","href":"https:\/\/api.w.org\/{rel}","templated":true}]}}