{"id":413,"date":"2025-03-10T12:04:46","date_gmt":"2025-03-10T11:04:46","guid":{"rendered":"https:\/\/staging.koderman.eu\/?page_id=413"},"modified":"2025-07-17T20:01:14","modified_gmt":"2025-07-17T18:01:14","slug":"kontakt","status":"publish","type":"page","link":"https:\/\/koderman.eu\/de\/kontakt\/","title":{"rendered":"Kontakt"},"content":{"rendered":"<div data-elementor-type=\"wp-page\" data-elementor-id=\"413\" class=\"elementor elementor-413\" data-elementor-post-type=\"page\">\n\t\t\t\t<div class=\"elementor-element elementor-element-45938a6 e-con-full e-flex e-con e-parent\" data-id=\"45938a6\" data-element_type=\"container\">\n\t\t\t\t<div class=\"elementor-element elementor-element-5c8d6cc elementor-widget elementor-widget-template\" data-id=\"5c8d6cc\" data-element_type=\"widget\" data-widget_type=\"template.default\">\n\t\t\t\t<div class=\"elementor-widget-container\">\n\t\t\t\t\t\t\t<div class=\"elementor-template\">\n\t\t\t\t\t<div data-elementor-type=\"container\" data-elementor-id=\"369\" class=\"elementor elementor-369\" data-elementor-post-type=\"elementor_library\">\n\t\t\t\t<div class=\"elementor-element elementor-element-18a36f84 e-flex e-con-boxed e-con e-parent\" data-id=\"18a36f84\" data-element_type=\"container\" data-settings=\"{&quot;background_background&quot;:&quot;classic&quot;}\">\n\t\t\t\t\t<div class=\"e-con-inner\">\n\t\t<div class=\"elementor-element elementor-element-302f679b e-con-full e-flex e-con e-child\" data-id=\"302f679b\" data-element_type=\"container\">\n\t\t<div class=\"elementor-element elementor-element-414c66df e-con-full e-flex e-con e-child\" data-id=\"414c66df\" data-element_type=\"container\">\n\t\t\t\t<div class=\"elementor-element elementor-element-165e25f6 elementor-align-left pointer-none elementor-widget elementor-widget-breadcrumbs\" data-id=\"165e25f6\" data-element_type=\"widget\" data-widget_type=\"breadcrumbs.default\">\n\t\t\t\t<div class=\"elementor-widget-container\">\n\t\t\t\t\t<p id=\"breadcrumbs\"><span><span><a href=\"https:\/\/koderman.eu\/de\/\">Zu Hause<\/a><\/span><\/span><\/p>\t\t\t\t<\/div>\n\t\t\t\t<\/div>\n\t\t\t\t<div class=\"elementor-element elementor-element-dd66743 elementor-widget elementor-widget-heading\" data-id=\"dd66743\" data-element_type=\"widget\" data-widget_type=\"heading.default\">\n\t\t\t\t<div class=\"elementor-widget-container\">\n\t\t\t\t\t<h1 class=\"elementor-heading-title elementor-size-default\">Kontakt<\/h1>\t\t\t\t<\/div>\n\t\t\t\t<\/div>\n\t\t\t\t<\/div>\n\t\t\t\t<\/div>\n\t\t<div class=\"elementor-element elementor-element-c33a990 e-con-full elementor-hidden-mobile e-flex e-con e-child\" data-id=\"c33a990\" data-element_type=\"container\">\n\t\t\t\t<\/div>\n\t\t\t\t\t<\/div>\n\t\t\t\t<\/div>\n\t\t\t\t<\/div>\n\t\t\t\t<\/div>\n\t\t\t\t\t\t<\/div>\n\t\t\t\t<\/div>\n\t\t\t\t<\/div>\n\t\t<div class=\"elementor-element elementor-element-b34d713 e-flex e-con-boxed e-con e-parent\" data-id=\"b34d713\" data-element_type=\"container\">\n\t\t\t\t\t<div class=\"e-con-inner\">\n\t\t<div class=\"elementor-element elementor-element-10b1bf4 e-con-full e-flex e-con e-child\" data-id=\"10b1bf4\" data-element_type=\"container\" data-settings=\"{&quot;background_background&quot;:&quot;classic&quot;}\">\n\t\t\t\t<div class=\"elementor-element elementor-element-e6700d5 elementor-widget__width-inherit elementor-widget-tablet__width-inherit elementor-button-align-center elementor-widget elementor-widget-form\" data-id=\"e6700d5\" data-element_type=\"widget\" data-settings=\"{&quot;step_next_label&quot;:&quot;Next&quot;,&quot;step_previous_label&quot;:&quot;Previous&quot;,&quot;button_width&quot;:&quot;100&quot;,&quot;step_type&quot;:&quot;number_text&quot;,&quot;step_icon_shape&quot;:&quot;circle&quot;}\" data-widget_type=\"form.default\">\n\t\t\t\t<div class=\"elementor-widget-container\">\n\t\t\t\t\t\t\t<form class=\"elementor-form\" method=\"post\" name=\"Kontakt\" action=\"\">\n\t\t\t<input type=\"hidden\" name=\"post_id\" value=\"413\"\/>\n\t\t\t<input type=\"hidden\" name=\"form_id\" value=\"e6700d5\"\/>\n\t\t\t<input type=\"hidden\" name=\"referer_title\" value=\"Koderman\" \/>\n\n\t\t\t\n\t\t\t<div class=\"elementor-form-fields-wrapper elementor-labels-above\">\n\t\t\t\t\t\t\t\t<div class=\"elementor-field-type-text elementor-field-group elementor-column elementor-field-group-name elementor-col-100 elementor-field-required elementor-mark-required\">\n\t\t\t\t\t\t\t\t\t\t\t\t<label for=\"form-field-name\" class=\"elementor-field-label\">\n\t\t\t\t\t\t\t\tVor-und Nachname \t\t\t\t\t\t\t<\/label>\n\t\t\t\t\t\t\t\t\t\t\t\t\t\t<input size=\"1\" type=\"text\" name=\"form_fields[name]\" id=\"form-field-name\" class=\"elementor-field elementor-size-sm  elementor-field-textual\" required=\"required\">\n\t\t\t\t\t\t\t\t\t\t\t<\/div>\n\t\t\t\t\t\t\t\t<div class=\"elementor-field-type-checkbox elementor-field-group elementor-column elementor-field-group-field_30f2e27 elementor-col-100\">\n\t\t\t\t\t\t\t\t\t\t\t\t<label for=\"form-field-field_30f2e27\" class=\"elementor-field-label\">\n\t\t\t\t\t\t\t\tWelche Dienstleistung interessiert Sie?\t\t\t\t\t\t\t<\/label>\n\t\t\t\t\t\t<div class=\"elementor-field-subgroup  elementor-subgroup-inline\"><span class=\"elementor-field-option\"><input type=\"checkbox\" value=\"Implantanologija\" id=\"form-field-field_30f2e27-0\" name=\"form_fields[field_30f2e27][]\"> <label for=\"form-field-field_30f2e27-0\">Implantologie<\/label><\/span><span class=\"elementor-field-option\"><input type=\"checkbox\" value=\"Protetika\" id=\"form-field-field_30f2e27-1\" name=\"form_fields[field_30f2e27][]\"> <label for=\"form-field-field_30f2e27-1\">Prothetik<\/label><\/span><span class=\"elementor-field-option\"><input type=\"checkbox\" value=\"Zalivke\" id=\"form-field-field_30f2e27-2\" name=\"form_fields[field_30f2e27][]\"> <label for=\"form-field-field_30f2e27-2\">F\u00fcllungen<\/label><\/span><span class=\"elementor-field-option\"><input type=\"checkbox\" value=\"Endodontsko zdravljenje\" id=\"form-field-field_30f2e27-3\" name=\"form_fields[field_30f2e27][]\"> <label for=\"form-field-field_30f2e27-3\">Endodontische Behandlung<\/label><\/span><span class=\"elementor-field-option\"><input type=\"checkbox\" value=\"Nevidni zobni aparat\" id=\"form-field-field_30f2e27-4\" name=\"form_fields[field_30f2e27][]\"> <label for=\"form-field-field_30f2e27-4\">Unsichtbare Zahnspange<\/label><\/span><span class=\"elementor-field-option\"><input type=\"checkbox\" value=\"Beljenje zob\" id=\"form-field-field_30f2e27-5\" name=\"form_fields[field_30f2e27][]\"> <label for=\"form-field-field_30f2e27-5\">Zahnaufhellung<\/label><\/span><span class=\"elementor-field-option\"><input type=\"checkbox\" value=\"PRGF lasi\u0161\u010da\" id=\"form-field-field_30f2e27-6\" name=\"form_fields[field_30f2e27][]\"> <label for=\"form-field-field_30f2e27-6\">PRGF Kopfhaut<\/label><\/span><span class=\"elementor-field-option\"><input type=\"checkbox\" value=\"PRGF obraza\" id=\"form-field-field_30f2e27-7\" name=\"form_fields[field_30f2e27][]\"> <label for=\"form-field-field_30f2e27-7\">PRGF-Gesichtsbehandlung<\/label><\/span><\/div>\t\t\t\t<\/div>\n\t\t\t\t\t\t\t\t<div class=\"elementor-field-type-tel elementor-field-group elementor-column elementor-field-group-phone elementor-col-50 elementor-field-required elementor-mark-required\">\n\t\t\t\t\t\t\t\t\t\t\t\t<label for=\"form-field-phone\" class=\"elementor-field-label\">\n\t\t\t\t\t\t\t\tTelefonnummer\t\t\t\t\t\t\t<\/label>\n\t\t\t\t\t\t\t\t<input size=\"1\" type=\"tel\" name=\"form_fields[phone]\" id=\"form-field-phone\" class=\"elementor-field elementor-size-sm  elementor-field-textual\" required=\"required\" pattern=\"[0-9()#&amp;+*-=.]+\" title=\"Only numbers and phone characters (#, -, *, etc) are accepted.\">\n\n\t\t\t\t\t\t<\/div>\n\t\t\t\t\t\t\t\t<div class=\"elementor-field-type-email elementor-field-group elementor-column elementor-field-group-email elementor-col-50 elementor-field-required elementor-mark-required\">\n\t\t\t\t\t\t\t\t\t\t\t\t<label for=\"form-field-email\" class=\"elementor-field-label\">\n\t\t\t\t\t\t\t\tEmail\t\t\t\t\t\t\t<\/label>\n\t\t\t\t\t\t\t\t\t\t\t\t\t\t<input size=\"1\" type=\"email\" name=\"form_fields[email]\" id=\"form-field-email\" class=\"elementor-field elementor-size-sm  elementor-field-textual\" required=\"required\">\n\t\t\t\t\t\t\t\t\t\t\t<\/div>\n\t\t\t\t\t\t\t\t<div class=\"elementor-field-type-textarea elementor-field-group elementor-column elementor-field-group-message elementor-col-100\">\n\t\t\t\t\t\t\t\t\t\t\t\t<label for=\"form-field-message\" class=\"elementor-field-label\">\n\t\t\t\t\t\t\t\tNachricht\t\t\t\t\t\t\t<\/label>\n\t\t\t\t\t\t<textarea class=\"elementor-field-textual elementor-field  elementor-size-sm\" name=\"form_fields[message]\" id=\"form-field-message\" rows=\"4\"><\/textarea>\t\t\t\t<\/div>\n\t\t\t\t\t\t\t\t<div class=\"elementor-field-type-text\">\n\t\t\t\t\t<input size=\"1\" type=\"text\" name=\"form_fields[field_44ea451]\" id=\"form-field-field_44ea451\" class=\"elementor-field elementor-size-sm\" style=\"display:none !important;\">\t\t\t\t<\/div>\n\t\t\t\t\t\t\t\t<div class=\"elementor-field-group elementor-column elementor-field-type-submit elementor-col-100 e-form__buttons\">\n\t\t\t\t\t<button class=\"elementor-button elementor-size-sm\" type=\"submit\">\n\t\t\t\t\t\t<span class=\"elementor-button-content-wrapper\">\n\t\t\t\t\t\t\t\t\t\t\t\t\t\t\t\t\t\t\t\t\t\t<span class=\"elementor-button-text\">Nachricht senden<\/span>\n\t\t\t\t\t\t\t\t\t\t\t\t\t<\/span>\n\t\t\t\t\t<\/button>\n\t\t\t\t<\/div>\n\t\t\t<\/div>\n\t\t<input type=\"hidden\" name=\"trp-form-language\" value=\"de\"\/><\/form>\n\t\t\t\t\t\t<\/div>\n\t\t\t\t<\/div>\n\t\t\t\t<div class=\"elementor-element elementor-element-c846e78 elementor-widget-mobile__width-inherit elementor-widget elementor-widget-text-editor\" data-id=\"c846e78\" data-element_type=\"widget\" data-widget_type=\"text-editor.default\">\n\t\t\t\t<div class=\"elementor-widget-container\">\n\t\t\t\t\t\t\t\t\t<p>Sie k\u00f6nnen uns auch direkt unter <a href=\"mailto:info@koderman.eu\" target=\"_blank\" rel=\"noopener\">info@koderman.eu<\/a> oder rufen Sie uns an unter <a href=\"tel:0038651452627\" target=\"_blank\" rel=\"noopener\">+386 51 452 627<\/a>.<\/p>\t\t\t\t\t\t\t\t<\/div>\n\t\t\t\t<\/div>\n\t\t\t\t<\/div>\n\t\t\t\t\t<\/div>\n\t\t\t\t<\/div>\n\t\t\t\t<\/div>","protected":false},"excerpt":{"rendered":"<p>Pi\u0161ete nam lahko tudi direktno na info@koderman.eu ali nas pokli\u010dete na +386 51 452 627.<\/p>","protected":false},"author":1,"featured_media":1465,"parent":0,"menu_order":0,"comment_status":"closed","ping_status":"closed","template":"","meta":{"_acf_changed":false,"footnotes":""},"class_list":["post-413","page","type-page","status-publish","has-post-thumbnail","hentry"],"acf":[],"yoast_head":"<!-- This site is optimized with the Yoast SEO plugin v27.4 - https:\/\/yoast.com\/product\/yoast-seo-wordpress\/ -->\n<title>Ordinacija kontakt | Ordinacija Koderman<\/title>\n<meta name=\"description\" content=\"Kontaktirajte ordinacijo Koderman. Pokli\u010dite nas ali nam po\u0161ljite povpra\u0161evanje. Strokovnjaki na podro\u010dju zobozdravstva. Rezervirajte termin \u0161e danes.\" \/>\n<meta name=\"robots\" content=\"index, follow, max-snippet:-1, max-image-preview:large, max-video-preview:-1\" \/>\n<link rel=\"canonical\" href=\"https:\/\/koderman.eu\/de\/kontakt\/\" \/>\n<meta property=\"og:locale\" content=\"de_DE\" \/>\n<meta property=\"og:type\" content=\"article\" \/>\n<meta property=\"og:title\" content=\"Ordinacija kontakt | Ordinacija Koderman\" \/>\n<meta property=\"og:description\" content=\"Kontaktirajte ordinacijo Koderman. Pokli\u010dite nas ali nam po\u0161ljite povpra\u0161evanje. Strokovnjaki na podro\u010dju zobozdravstva. Rezervirajte termin \u0161e danes.\" \/>\n<meta property=\"og:url\" content=\"https:\/\/koderman.eu\/de\/kontakt\/\" \/>\n<meta property=\"og:site_name\" content=\"Koderman\" \/>\n<meta property=\"article:modified_time\" content=\"2025-07-17T18:01:14+00:00\" \/>\n<meta property=\"og:image\" content=\"https:\/\/koderman.eu\/wp-content\/uploads\/2025\/07\/Koderman_domov-scaled.jpeg\" \/>\n\t<meta property=\"og:image:width\" content=\"2560\" \/>\n\t<meta property=\"og:image:height\" content=\"1707\" \/>\n\t<meta property=\"og:image:type\" content=\"image\/jpeg\" \/>\n<meta name=\"twitter:card\" content=\"summary_large_image\" \/>\n<meta name=\"twitter:label1\" content=\"Gesch\u00e4tzte Lesezeit\" \/>\n\t<meta name=\"twitter:data1\" content=\"1 Minute\" \/>\n<script type=\"application\/ld+json\" class=\"yoast-schema-graph\">{\"@context\":\"https:\\\/\\\/schema.org\",\"@graph\":[{\"@type\":\"WebPage\",\"@id\":\"https:\\\/\\\/koderman.eu\\\/kontakt\\\/\",\"url\":\"https:\\\/\\\/koderman.eu\\\/kontakt\\\/\",\"name\":\"Ordinacija kontakt | Ordinacija Koderman\",\"isPartOf\":{\"@id\":\"https:\\\/\\\/koderman.eu\\\/#website\"},\"primaryImageOfPage\":{\"@id\":\"https:\\\/\\\/koderman.eu\\\/kontakt\\\/#primaryimage\"},\"image\":{\"@id\":\"https:\\\/\\\/koderman.eu\\\/kontakt\\\/#primaryimage\"},\"thumbnailUrl\":\"https:\\\/\\\/koderman.eu\\\/wp-content\\\/uploads\\\/2025\\\/07\\\/Koderman_domov-scaled.jpeg\",\"datePublished\":\"2025-03-10T11:04:46+00:00\",\"dateModified\":\"2025-07-17T18:01:14+00:00\",\"description\":\"Kontaktirajte ordinacijo Koderman. Pokli\u010dite nas ali nam po\u0161ljite povpra\u0161evanje. Strokovnjaki na podro\u010dju zobozdravstva. Rezervirajte termin \u0161e danes.\",\"breadcrumb\":{\"@id\":\"https:\\\/\\\/koderman.eu\\\/kontakt\\\/#breadcrumb\"},\"inLanguage\":\"de-AT\",\"potentialAction\":[{\"@type\":\"ReadAction\",\"target\":[\"https:\\\/\\\/koderman.eu\\\/kontakt\\\/\"]}]},{\"@type\":\"ImageObject\",\"inLanguage\":\"de-AT\",\"@id\":\"https:\\\/\\\/koderman.eu\\\/kontakt\\\/#primaryimage\",\"url\":\"https:\\\/\\\/koderman.eu\\\/wp-content\\\/uploads\\\/2025\\\/07\\\/Koderman_domov-scaled.jpeg\",\"contentUrl\":\"https:\\\/\\\/koderman.eu\\\/wp-content\\\/uploads\\\/2025\\\/07\\\/Koderman_domov-scaled.jpeg\",\"width\":2560,\"height\":1707,\"caption\":\"Ordinacija Koderman\"},{\"@type\":\"BreadcrumbList\",\"@id\":\"https:\\\/\\\/koderman.eu\\\/kontakt\\\/#breadcrumb\",\"itemListElement\":[{\"@type\":\"ListItem\",\"position\":1,\"name\":\"Domov\",\"item\":\"https:\\\/\\\/koderman.eu\\\/\"},{\"@type\":\"ListItem\",\"position\":2,\"name\":\"Kontakt\"}]},{\"@type\":\"WebSite\",\"@id\":\"https:\\\/\\\/koderman.eu\\\/#website\",\"url\":\"https:\\\/\\\/koderman.eu\\\/\",\"name\":\"Koderman\",\"description\":\"Zobozdravstveni implantolo\u0161ki center\",\"publisher\":{\"@id\":\"https:\\\/\\\/koderman.eu\\\/#organization\"},\"potentialAction\":[{\"@type\":\"SearchAction\",\"target\":{\"@type\":\"EntryPoint\",\"urlTemplate\":\"https:\\\/\\\/koderman.eu\\\/?s={search_term_string}\"},\"query-input\":{\"@type\":\"PropertyValueSpecification\",\"valueRequired\":true,\"valueName\":\"search_term_string\"}}],\"inLanguage\":\"de-AT\"},{\"@type\":\"Organization\",\"@id\":\"https:\\\/\\\/koderman.eu\\\/#organization\",\"name\":\"Koderman\",\"url\":\"https:\\\/\\\/koderman.eu\\\/\",\"logo\":{\"@type\":\"ImageObject\",\"inLanguage\":\"de-AT\",\"@id\":\"https:\\\/\\\/koderman.eu\\\/#\\\/schema\\\/logo\\\/image\\\/\",\"url\":\"https:\\\/\\\/koderman.eu\\\/wp-content\\\/uploads\\\/2025\\\/02\\\/Koderman_logotip_barvni.svg\",\"contentUrl\":\"https:\\\/\\\/koderman.eu\\\/wp-content\\\/uploads\\\/2025\\\/02\\\/Koderman_logotip_barvni.svg\",\"width\":528,\"height\":96,\"caption\":\"Koderman\"},\"image\":{\"@id\":\"https:\\\/\\\/koderman.eu\\\/#\\\/schema\\\/logo\\\/image\\\/\"}}]}<\/script>\n<!-- \/ Yoast SEO plugin. -->","yoast_head_json":{"title":"Ordinacija kontakt | Ordinacija Koderman","description":"Kontaktirajte ordinacijo Koderman. Pokli\u010dite nas ali nam po\u0161ljite povpra\u0161evanje. Strokovnjaki na podro\u010dju zobozdravstva. Rezervirajte termin \u0161e danes.","robots":{"index":"index","follow":"follow","max-snippet":"max-snippet:-1","max-image-preview":"max-image-preview:large","max-video-preview":"max-video-preview:-1"},"canonical":"https:\/\/koderman.eu\/de\/kontakt\/","og_locale":"de_DE","og_type":"article","og_title":"Ordinacija kontakt | Ordinacija Koderman","og_description":"Kontaktirajte ordinacijo Koderman. Pokli\u010dite nas ali nam po\u0161ljite povpra\u0161evanje. Strokovnjaki na podro\u010dju zobozdravstva. Rezervirajte termin \u0161e danes.","og_url":"https:\/\/koderman.eu\/de\/kontakt\/","og_site_name":"Koderman","article_modified_time":"2025-07-17T18:01:14+00:00","og_image":[{"width":2560,"height":1707,"url":"https:\/\/koderman.eu\/wp-content\/uploads\/2025\/07\/Koderman_domov-scaled.jpeg","type":"image\/jpeg"}],"twitter_card":"summary_large_image","twitter_misc":{"Gesch\u00e4tzte Lesezeit":"1 Minute"},"schema":{"@context":"https:\/\/schema.org","@graph":[{"@type":"WebPage","@id":"https:\/\/koderman.eu\/kontakt\/","url":"https:\/\/koderman.eu\/kontakt\/","name":"Ordinacija kontakt | Ordinacija Koderman","isPartOf":{"@id":"https:\/\/koderman.eu\/#website"},"primaryImageOfPage":{"@id":"https:\/\/koderman.eu\/kontakt\/#primaryimage"},"image":{"@id":"https:\/\/koderman.eu\/kontakt\/#primaryimage"},"thumbnailUrl":"https:\/\/koderman.eu\/wp-content\/uploads\/2025\/07\/Koderman_domov-scaled.jpeg","datePublished":"2025-03-10T11:04:46+00:00","dateModified":"2025-07-17T18:01:14+00:00","description":"Kontaktirajte ordinacijo Koderman. Pokli\u010dite nas ali nam po\u0161ljite povpra\u0161evanje. Strokovnjaki na podro\u010dju zobozdravstva. Rezervirajte termin \u0161e danes.","breadcrumb":{"@id":"https:\/\/koderman.eu\/kontakt\/#breadcrumb"},"inLanguage":"de-AT","potentialAction":[{"@type":"ReadAction","target":["https:\/\/koderman.eu\/kontakt\/"]}]},{"@type":"ImageObject","inLanguage":"de-AT","@id":"https:\/\/koderman.eu\/kontakt\/#primaryimage","url":"https:\/\/koderman.eu\/wp-content\/uploads\/2025\/07\/Koderman_domov-scaled.jpeg","contentUrl":"https:\/\/koderman.eu\/wp-content\/uploads\/2025\/07\/Koderman_domov-scaled.jpeg","width":2560,"height":1707,"caption":"Ordinacija Koderman"},{"@type":"BreadcrumbList","@id":"https:\/\/koderman.eu\/kontakt\/#breadcrumb","itemListElement":[{"@type":"ListItem","position":1,"name":"Domov","item":"https:\/\/koderman.eu\/"},{"@type":"ListItem","position":2,"name":"Kontakt"}]},{"@type":"WebSite","@id":"https:\/\/koderman.eu\/#website","url":"https:\/\/koderman.eu\/","name":"Koderman","description":"Zobozdravstveni implantolo\u0161ki center","publisher":{"@id":"https:\/\/koderman.eu\/#organization"},"potentialAction":[{"@type":"SearchAction","target":{"@type":"EntryPoint","urlTemplate":"https:\/\/koderman.eu\/?s={search_term_string}"},"query-input":{"@type":"PropertyValueSpecification","valueRequired":true,"valueName":"search_term_string"}}],"inLanguage":"de-AT"},{"@type":"Organization","@id":"https:\/\/koderman.eu\/#organization","name":"Koderman","url":"https:\/\/koderman.eu\/","logo":{"@type":"ImageObject","inLanguage":"de-AT","@id":"https:\/\/koderman.eu\/#\/schema\/logo\/image\/","url":"https:\/\/koderman.eu\/wp-content\/uploads\/2025\/02\/Koderman_logotip_barvni.svg","contentUrl":"https:\/\/koderman.eu\/wp-content\/uploads\/2025\/02\/Koderman_logotip_barvni.svg","width":528,"height":96,"caption":"Koderman"},"image":{"@id":"https:\/\/koderman.eu\/#\/schema\/logo\/image\/"}}]}},"_links":{"self":[{"href":"https:\/\/koderman.eu\/de\/wp-json\/wp\/v2\/pages\/413","targetHints":{"allow":["GET"]}}],"collection":[{"href":"https:\/\/koderman.eu\/de\/wp-json\/wp\/v2\/pages"}],"about":[{"href":"https:\/\/koderman.eu\/de\/wp-json\/wp\/v2\/types\/page"}],"author":[{"embeddable":true,"href":"https:\/\/koderman.eu\/de\/wp-json\/wp\/v2\/users\/1"}],"replies":[{"embeddable":true,"href":"https:\/\/koderman.eu\/de\/wp-json\/wp\/v2\/comments?post=413"}],"version-history":[{"count":85,"href":"https:\/\/koderman.eu\/de\/wp-json\/wp\/v2\/pages\/413\/revisions"}],"predecessor-version":[{"id":1403,"href":"https:\/\/koderman.eu\/de\/wp-json\/wp\/v2\/pages\/413\/revisions\/1403"}],"wp:featuredmedia":[{"embeddable":true,"href":"https:\/\/koderman.eu\/de\/wp-json\/wp\/v2\/media\/1465"}],"wp:attachment":[{"href":"https:\/\/koderman.eu\/de\/wp-json\/wp\/v2\/media?parent=413"}],"curies":[{"name":"wp","href":"https:\/\/api.w.org\/{rel}","templated":true}]}}